{"id":12019,"date":"2024-09-17T03:31:30","date_gmt":"2024-09-17T03:31:30","guid":{"rendered":"https:\/\/rosa.it\/vertikalkopf-schleifmaschinen\/"},"modified":"2026-01-18T09:24:07","modified_gmt":"2026-01-18T09:24:07","slug":"vertikalkopf-schleifmaschinen","status":"publish","type":"page","link":"https:\/\/rosa.it\/de\/vertikalkopf-schleifmaschinen\/","title":{"rendered":"Vertikalkopf-Schleifmaschinen"},"content":{"rendered":"\t\t<div data-elementor-type=\"wp-page\" data-elementor-id=\"12019\" class=\"elementor elementor-12019 elementor-8463\">\n\t\t\t\t<div class=\"elementor-element elementor-element-dbd8fa9 elementor-hidden-tablet elementor-hidden-mobile e-flex e-con-boxed wpr-particle-no wpr-jarallax-no wpr-parallax-no wpr-sticky-section-no wpr-equal-height-no e-con e-parent\" data-id=\"dbd8fa9\" data-element_type=\"container\" data-e-type=\"container\">\n\t\t\t\t\t<div class=\"e-con-inner\">\n\t\t\t\t<div class=\"elementor-element elementor-element-4aeb18c elementor-widget elementor-widget-slider_revolution\" data-id=\"4aeb18c\" data-element_type=\"widget\" data-e-type=\"widget\" data-widget_type=\"slider_revolution.default\">\n\t\t\t\t<div class=\"elementor-widget-container\">\n\t\t\t\t\t\n\t\t<div class=\"wp-block-themepunch-revslider\">\n\t\t\t\t<p class=\"rs-p-wp-fix\"><\/p>\n\t\t\t\t<sr7-module data-alias=\"rettifiche-slider-de\" data-id=\"50\" id=\"SR7_50_1\" class=\"rs-ov-hidden\" data-version=\"6.7.35\">\n\t\t\t\t\t<sr7-adjuster><\/sr7-adjuster>\n\t\t\t\t\t<sr7-content>\n\t\t\t\t\t\t<sr7-slide id=\"SR7_50_1-103\" data-key=\"103\">\n\t\t\t\t\t\t\t<sr7-bg id=\"SR7_50_1-103-1\" class=\"sr7-layer\"><noscript><img decoding=\"async\" src=\"https:\/\/rosa.it\/wp-content\/uploads\/2024\/09\/Rettificatrici-cover.webp\" alt=\"\" title=\"Rettificatrici-cover\"><\/noscript><\/sr7-bg>\n\t\t\t\t\t\t\t<sr7-txt id=\"SR7_50_1-103-0\" class=\"sr7-layer\">Schleifmaschinen<\/sr7-txt>\n\t\t\t\t\t\t<\/sr7-slide>\n\t\t\t\t\t\t<sr7-slide id=\"SR7_50_1-104\" data-key=\"104\">\n\t\t\t\t\t\t<\/sr7-slide>\n\t\t\t\t\t<\/sr7-content>\n\t\t\t\t\t<image_lists style=\"display:none\">\n\t\t\t\t\t\t<img data-src=\"\/\/rosa.it\/wp-content\/uploads\/2024\/09\/Rettificatrici-cover.webp\" data-libid=\"5911\" data-lib=\"medialibrary\" title=\"Rettificatrici-cover\" width=\"0\" height=\"0\" data-dbsrc=\"Ly9yb3NhLml0L3dwLWNvbnRlbnQvdXBsb2Fkcy8yMDI0LzA5L1JldHRpZmljYXRyaWNpLWNvdmVyLndlYnA=\"\/>\n\t\t\t\t\t<\/image_lists>\n\t\t\t\t<\/sr7-module>\n\t\t\t\t<script>\n\t\t\t\t\tSR7.PMH ??={}; SR7.PMH[\"SR7_50_1\"] = {cn:100,state:false,fn: function() { if (_tpt!==undefined && _tpt.prepareModuleHeight !== undefined) {  _tpt.prepareModuleHeight({id:\"SR7_50_1\",el:[400,400,768,960,720],type:'standard',shdw:'0',gh:[400,400,330,251,155],gw:[1240,1240,1024,778,480],vpt:['100px'],size:{fullWidth:true, fullHeight:false},mh:'0',onh:0,onw:0,bg:{color:'{\"orig\":\"transparent\",\"type\":\"solid\",\"string\":\"transparent\"}'}});   SR7.PMH[\"SR7_50_1\"].state=true;} else if(SR7.PMH[\"SR7_50_1\"].cn-->0)\tsetTimeout( SR7.PMH[\"SR7_50_1\"].fn,19);}};SR7.PMH[\"SR7_50_1\" ].fn();\n\t\t\t\t<\/script>\n<\/div>\n\n\t\t\t\t\t\t<\/div>\n\t\t\t\t<\/div>\n\t\t\t\t\t<\/div>\n\t\t\t\t<\/div>\n\t\t<div class=\"elementor-element elementor-element-4ec1267 elementor-hidden-desktop elementor-hidden-tablet e-flex e-con-boxed wpr-particle-no wpr-jarallax-no wpr-parallax-no wpr-sticky-section-no wpr-equal-height-no e-con e-parent\" data-id=\"4ec1267\" data-element_type=\"container\" data-e-type=\"container\">\n\t\t\t\t\t<div class=\"e-con-inner\">\n\t\t\t\t<div class=\"elementor-element elementor-element-70321a9 elementor-widget elementor-widget-slider_revolution\" data-id=\"70321a9\" data-element_type=\"widget\" data-e-type=\"widget\" data-widget_type=\"slider_revolution.default\">\n\t\t\t\t<div class=\"elementor-widget-container\">\n\t\t\t\t\t\n\t\t<div class=\"wp-block-themepunch-revslider\">\n\t\t\t\t<p class=\"rs-p-wp-fix\"><\/p>\n\t\t\t\t<sr7-module data-alias=\"rettificatrici-mobile-de\" data-id=\"18\" id=\"SR7_18_2\" class=\"rs-ov-hidden\" data-version=\"6.7.35\">\n\t\t\t\t\t<sr7-adjuster><\/sr7-adjuster>\n\t\t\t\t\t<sr7-content>\n\t\t\t\t\t\t<sr7-slide id=\"SR7_18_2-37\" data-key=\"37\">\n\t\t\t\t\t\t\t<sr7-bg id=\"SR7_18_2-37-1\" class=\"sr7-layer\"><noscript><img decoding=\"async\" src=\"https:\/\/rosa.it\/wp-content\/uploads\/2024\/09\/Prodotti-mobile.webp\" alt=\"\" title=\"Prodotti-mobile\"><\/noscript><\/sr7-bg>\n\t\t\t\t\t\t\t<sr7-txt id=\"SR7_18_2-37-0\" class=\"sr7-layer\">Schleifmaschinen<\/sr7-txt>\n\t\t\t\t\t\t<\/sr7-slide>\n\t\t\t\t\t\t<sr7-slide id=\"SR7_18_2-42\" data-key=\"42\">\n\t\t\t\t\t\t<\/sr7-slide>\n\t\t\t\t\t<\/sr7-content>\n\t\t\t\t\t<image_lists style=\"display:none\">\n\t\t\t\t\t\t<img data-src=\"\/\/rosa.it\/wp-content\/uploads\/2024\/09\/Prodotti-mobile.webp\" data-libid=\"6494\" data-lib=\"medialibrary\" title=\"Prodotti-mobile\" width=\"0\" height=\"0\" data-dbsrc=\"Ly9yb3NhLml0L3dwLWNvbnRlbnQvdXBsb2Fkcy8yMDI0LzA5L1Byb2RvdHRpLW1vYmlsZS53ZWJw\"\/>\n\t\t\t\t\t<\/image_lists>\n\t\t\t\t<\/sr7-module>\n\t\t\t\t<script>\n\t\t\t\t\tSR7.PMH ??={}; SR7.PMH[\"SR7_18_2\"] = {cn:100,state:false,fn: function() { if (_tpt!==undefined && _tpt.prepareModuleHeight !== undefined) {  _tpt.prepareModuleHeight({id:\"SR7_18_2\",el:[900,900,900,900,250],type:'standard',shdw:'0',gh:[900,900,900,900,250],gw:[1240,1240,1240,1240,480],vpt:['100px&#039;,&#039;100px&#039;,&#039;100px&#039;,&#039;100px&#039;,&#039;100px'],size:{fullWidth:true, fullHeight:false},mh:'0',onh:0,onw:0,bg:{color:'{\"orig\":\"transparent\",\"type\":\"solid\",\"string\":\"transparent\"}'}});   SR7.PMH[\"SR7_18_2\"].state=true;} else if(SR7.PMH[\"SR7_18_2\"].cn-->0)\tsetTimeout( SR7.PMH[\"SR7_18_2\"].fn,19);}};SR7.PMH[\"SR7_18_2\" ].fn();\n\t\t\t\t<\/script>\n<\/div>\n\n\t\t\t\t\t\t<\/div>\n\t\t\t\t<\/div>\n\t\t\t\t\t<\/div>\n\t\t\t\t<\/div>\n\t\t<div class=\"elementor-element elementor-element-5bbf4b6c elementor-hidden-desktop elementor-hidden-mobile e-flex e-con-boxed wpr-particle-no wpr-jarallax-no wpr-parallax-no wpr-sticky-section-no wpr-equal-height-no e-con e-parent\" data-id=\"5bbf4b6c\" data-element_type=\"container\" data-e-type=\"container\" data-settings=\"{&quot;background_background&quot;:&quot;classic&quot;}\">\n\t\t\t\t\t<div class=\"e-con-inner\">\n\t\t\t\t<div class=\"elementor-element elementor-element-1f20aa7a elementor-widget elementor-widget-text-editor\" data-id=\"1f20aa7a\" data-element_type=\"widget\" data-e-type=\"widget\" data-widget_type=\"text-editor.default\">\n\t\t\t\t<div class=\"elementor-widget-container\">\n\t\t\t\t\t\t\t\t\t<h2 style=\"color: #fff !important;\">Schleifmaschinen<\/h2>\t\t\t\t\t\t\t\t<\/div>\n\t\t\t\t<\/div>\n\t\t\t\t\t<\/div>\n\t\t\t\t<\/div>\n\t\t<div class=\"elementor-element elementor-element-3327a6ca e-flex e-con-boxed wpr-particle-no wpr-jarallax-no wpr-parallax-no wpr-sticky-section-no wpr-equal-height-no e-con e-parent\" data-id=\"3327a6ca\" data-element_type=\"container\" data-e-type=\"container\">\n\t\t\t\t\t<div class=\"e-con-inner\">\n\t\t\t\t<div class=\"elementor-element elementor-element-37ec216c elementor-hidden-desktop elementor-hidden-tablet elementor-hidden-mobile elementor-widget elementor-widget-text-editor\" data-id=\"37ec216c\" data-element_type=\"widget\" data-e-type=\"widget\" data-widget_type=\"text-editor.default\">\n\t\t\t\t<div class=\"elementor-widget-container\">\n\t\t\t\t\t\t\t\t\t<h1>Vertikalkopf-Schleifmaschinen &#8211; Rosa s.p.a. &#8211; Grindtech<\/h1>\t\t\t\t\t\t\t\t<\/div>\n\t\t\t\t<\/div>\n\t\t\t\t\t<\/div>\n\t\t\t\t<\/div>\n\t\t<div class=\"elementor-element elementor-element-5c736ed e-flex e-con-boxed wpr-particle-no wpr-jarallax-no wpr-parallax-no wpr-sticky-section-no wpr-equal-height-no e-con e-parent\" data-id=\"5c736ed\" data-element_type=\"container\" data-e-type=\"container\">\n\t\t\t\t\t<div class=\"e-con-inner\">\n\t\t<div class=\"elementor-element elementor-element-6aefc3d e-con-full e-flex wpr-particle-no wpr-jarallax-no wpr-parallax-no wpr-sticky-section-no wpr-equal-height-no e-con e-child\" data-id=\"6aefc3d\" data-element_type=\"container\" data-e-type=\"container\">\n\t\t\t\t<div class=\"elementor-element elementor-element-170d223 elementor-widget elementor-widget-text-editor\" data-id=\"170d223\" data-element_type=\"widget\" data-e-type=\"widget\" data-widget_type=\"text-editor.default\">\n\t\t\t\t<div class=\"elementor-widget-container\">\n\t\t\t\t\t\t\t\t\t<h4 style=\"font-weight: 800; border-bottom: 1px solid #ededed; padding-bottom: 18px; margin-bottom: 25px;\">Schleifmaschinen<\/h4>\n\n<hr style=\"height: 3px; border-width: 0; color: #c8102e; background-color: #c8102e; width: 30px; margin-top: -27px;\">\t\t\t\t\t\t\t\t<\/div>\n\t\t\t\t<\/div>\n\t\t\t\t<div class=\"elementor-element elementor-element-6b2b858 wpr-pointer-none wpr-main-menu-align--mobileright wpr-mobile-menu-item-align-left wpr-main-menu-align-left wpr-main-menu-align--tabletleft wpr-sub-icon-caret-down wpr-sub-menu-fx-fade wpr-nav-menu-bp-mobile wpr-mobile-menu-full-width wpr-mobile-toggle-v1 wpr-sub-divider-yes wpr-mobile-divider-yes elementor-widget elementor-widget-wpr-nav-menu\" data-id=\"6b2b858\" data-element_type=\"widget\" data-e-type=\"widget\" data-settings=\"{&quot;menu_layout&quot;:&quot;horizontal&quot;}\" data-widget_type=\"wpr-nav-menu.default\">\n\t\t\t\t<div class=\"elementor-widget-container\">\n\t\t\t\t\t<nav class=\"wpr-nav-menu-container wpr-nav-menu-horizontal\" data-trigger=\"hover\" data-consider-header=\"\" data-scroll-speed=\"500\"><ul id=\"menu-1-6b2b858\" class=\"wpr-nav-menu\"><li class=\"menu-item menu-item-type-post_type menu-item-object-page menu-item-12056\"><a href=\"https:\/\/rosa.it\/de\/flachschleifmaschinen-mit-horizontalem-schleifkopf\/\" class=\"wpr-menu-item wpr-pointer-item\">Flachschleifmaschinen mit horizontalem schleifkopf<\/a><\/li>\n<li class=\"menu-item menu-item-type-post_type menu-item-object-page menu-item-12098\"><a href=\"https:\/\/rosa.it\/de\/flachschleifmaschinen-mit-universal-schleifkopf\/\" class=\"wpr-menu-item wpr-pointer-item\">Flachschleifmaschinen mit Universal-Schleifkopf<\/a><\/li>\n<li class=\"menu-item menu-item-type-post_type menu-item-object-page menu-item-12142\"><a href=\"https:\/\/rosa.it\/de\/rundtisch-flachschleifmaschinen\/\" class=\"wpr-menu-item wpr-pointer-item\">Rundtisch-Flachschleifmaschinen<\/a><\/li>\n<li class=\"menu-item menu-item-type-post_type menu-item-object-page menu-item-12021\"><a href=\"https:\/\/rosa.it\/de\/vertikalkopf-schleifmaschinen\/\" class=\"wpr-menu-item wpr-pointer-item\">Vertikalkopf-Schleifmaschinen<\/a><\/li>\n<\/ul><\/nav><nav class=\"wpr-mobile-nav-menu-container\"><div class=\"wpr-mobile-toggle-wrap\"><div class=\"wpr-mobile-toggle\"><span class=\"wpr-mobile-toggle-line\"><\/span><span class=\"wpr-mobile-toggle-line\"><\/span><span class=\"wpr-mobile-toggle-line\"><\/span><\/div><\/div><ul id=\"mobile-menu-2-6b2b858\" class=\"wpr-mobile-nav-menu\"><li class=\"menu-item menu-item-type-post_type menu-item-object-page menu-item-12056\"><a href=\"https:\/\/rosa.it\/de\/flachschleifmaschinen-mit-horizontalem-schleifkopf\/\" class=\"wpr-mobile-menu-item\">Flachschleifmaschinen mit horizontalem schleifkopf<\/a><\/li>\n<li class=\"menu-item menu-item-type-post_type menu-item-object-page menu-item-12098\"><a href=\"https:\/\/rosa.it\/de\/flachschleifmaschinen-mit-universal-schleifkopf\/\" class=\"wpr-mobile-menu-item\">Flachschleifmaschinen mit Universal-Schleifkopf<\/a><\/li>\n<li class=\"menu-item menu-item-type-post_type menu-item-object-page menu-item-12142\"><a href=\"https:\/\/rosa.it\/de\/rundtisch-flachschleifmaschinen\/\" class=\"wpr-mobile-menu-item\">Rundtisch-Flachschleifmaschinen<\/a><\/li>\n<li class=\"menu-item menu-item-type-post_type menu-item-object-page menu-item-12021\"><a href=\"https:\/\/rosa.it\/de\/vertikalkopf-schleifmaschinen\/\" class=\"wpr-mobile-menu-item\">Vertikalkopf-Schleifmaschinen<\/a><\/li>\n<\/ul><\/nav>\t\t\t\t<\/div>\n\t\t\t\t<\/div>\n\t\t\t\t<\/div>\n\t\t<div class=\"elementor-element elementor-element-8e885f8 e-con-full e-flex wpr-particle-no wpr-jarallax-no wpr-parallax-no wpr-sticky-section-no wpr-equal-height-no e-con e-child\" data-id=\"8e885f8\" data-element_type=\"container\" data-e-type=\"container\">\n\t\t<div class=\"elementor-element elementor-element-37fe47f e-con-full e-flex wpr-particle-no wpr-jarallax-no wpr-parallax-no wpr-sticky-section-no wpr-equal-height-no e-con e-child\" data-id=\"37fe47f\" data-element_type=\"container\" data-e-type=\"container\">\n\t\t\t\t<div class=\"elementor-element elementor-element-c9820d9 elementor-widget elementor-widget-image\" data-id=\"c9820d9\" data-element_type=\"widget\" data-e-type=\"widget\" data-widget_type=\"image.default\">\n\t\t\t\t<div class=\"elementor-widget-container\">\n\t\t\t\t\t\t\t\t\t\t\t\t\t\t\t\t<a href=\"https:\/\/rosa.it\/de\/mrv\/\">\n\t\t\t\t\t\t\t<img fetchpriority=\"high\" decoding=\"async\" width=\"1000\" height=\"750\" src=\"https:\/\/rosa.it\/wp-content\/uploads\/2024\/09\/MRV.png\" class=\"attachment-large size-large wp-image-12121\" alt=\"\" srcset=\"https:\/\/rosa.it\/wp-content\/uploads\/2024\/09\/MRV.png 1000w, https:\/\/rosa.it\/wp-content\/uploads\/2024\/09\/MRV-300x225.png 300w, https:\/\/rosa.it\/wp-content\/uploads\/2024\/09\/MRV-768x576.png 768w, https:\/\/rosa.it\/wp-content\/uploads\/2024\/09\/MRV-720x540.png 720w, https:\/\/rosa.it\/wp-content\/uploads\/2024\/09\/MRV-600x450.png 600w\" sizes=\"(max-width: 1000px) 100vw, 1000px\" \/>\t\t\t\t\t\t\t\t<\/a>\n\t\t\t\t\t\t\t\t\t\t\t\t\t\t\t<\/div>\n\t\t\t\t<\/div>\n\t\t\t\t<div class=\"elementor-element elementor-element-9bedb98 elementor-widget elementor-widget-text-editor\" data-id=\"9bedb98\" data-element_type=\"widget\" data-e-type=\"widget\" data-widget_type=\"text-editor.default\">\n\t\t\t\t<div class=\"elementor-widget-container\">\n\t\t\t\t\t\t\t\t\t<h4><strong>MRV<\/strong><\/h4>\n<p style=\"padding-bottom: 24px;\">Tischbewegung: elektrisch\/torque<\/p>\n<p style=\"color: #c8102e; padding-bottom: 24px;\">Schleifw\u00fcrfel<\/p>\nMin. Innen-\u00d8: 600 mm<br>Max. Au\u00dfen-\u00d8: 600 bis 1600 mm<br>H\u00f6he: 800 mm  \t\t\t\t\t\t\t\t<\/div>\n\t\t\t\t<\/div>\n\t\t\t\t<\/div>\n\t\t<div class=\"elementor-element elementor-element-4c15545 e-con-full e-flex wpr-particle-no wpr-jarallax-no wpr-parallax-no wpr-sticky-section-no wpr-equal-height-no e-con e-child\" data-id=\"4c15545\" data-element_type=\"container\" data-e-type=\"container\">\n\t\t\t\t<div class=\"elementor-element elementor-element-9c3caf3 elementor-widget elementor-widget-image\" data-id=\"9c3caf3\" data-element_type=\"widget\" data-e-type=\"widget\" data-widget_type=\"image.default\">\n\t\t\t\t<div class=\"elementor-widget-container\">\n\t\t\t\t\t\t\t\t\t\t\t\t\t\t\t\t<a href=\"https:\/\/rosa.it\/de\/mrv-s\/\">\n\t\t\t\t\t\t\t<img loading=\"lazy\" decoding=\"async\" width=\"1000\" height=\"750\" src=\"https:\/\/rosa.it\/wp-content\/uploads\/2024\/09\/MRVS.png\" class=\"attachment-large size-large wp-image-12123\" alt=\"\" srcset=\"https:\/\/rosa.it\/wp-content\/uploads\/2024\/09\/MRVS.png 1000w, https:\/\/rosa.it\/wp-content\/uploads\/2024\/09\/MRVS-300x225.png 300w, https:\/\/rosa.it\/wp-content\/uploads\/2024\/09\/MRVS-768x576.png 768w, https:\/\/rosa.it\/wp-content\/uploads\/2024\/09\/MRVS-720x540.png 720w, https:\/\/rosa.it\/wp-content\/uploads\/2024\/09\/MRVS-600x450.png 600w\" sizes=\"(max-width: 1000px) 100vw, 1000px\" \/>\t\t\t\t\t\t\t\t<\/a>\n\t\t\t\t\t\t\t\t\t\t\t\t\t\t\t<\/div>\n\t\t\t\t<\/div>\n\t\t\t\t<div class=\"elementor-element elementor-element-62ad82e elementor-widget elementor-widget-text-editor\" data-id=\"62ad82e\" data-element_type=\"widget\" data-e-type=\"widget\" data-widget_type=\"text-editor.default\">\n\t\t\t\t<div class=\"elementor-widget-container\">\n\t\t\t\t\t\t\t\t\t<h4><strong>MRV\/S\n<\/strong><\/h4>\n<p style=\"padding-bottom: 24px;\">Tischbewegung: elektrisch\/torque<\/p>\n<p style=\"color: #c8102e; padding-bottom: 24px;\">Schleifw\u00fcrfel<\/p>\nMin. Innen-\u00d8: 600 mm  <br>\nMax. Au\u00dfen-\u00d8: 600 bis 1600 mm  <br>\nH\u00f6he: 800 mm\t\t\t\t\t\t\t\t<\/div>\n\t\t\t\t<\/div>\n\t\t\t\t<\/div>\n\t\t<div class=\"elementor-element elementor-element-8082e87 e-con-full elementor-hidden-tablet e-flex wpr-particle-no wpr-jarallax-no wpr-parallax-no wpr-sticky-section-no wpr-equal-height-no e-con e-child\" data-id=\"8082e87\" data-element_type=\"container\" data-e-type=\"container\">\n\t\t\t\t<div class=\"elementor-element elementor-element-580f29a elementor-widget elementor-widget-image\" data-id=\"580f29a\" data-element_type=\"widget\" data-e-type=\"widget\" data-widget_type=\"image.default\">\n\t\t\t\t<div class=\"elementor-widget-container\">\n\t\t\t\t\t\t\t\t\t\t\t\t\t\t\t\t<a href=\"https:\/\/rosa.it\/de\/mrv-u\/\">\n\t\t\t\t\t\t\t<img loading=\"lazy\" decoding=\"async\" width=\"1000\" height=\"750\" src=\"https:\/\/rosa.it\/wp-content\/uploads\/2024\/09\/MRVU.png\" class=\"attachment-large size-large wp-image-12125\" alt=\"\" srcset=\"https:\/\/rosa.it\/wp-content\/uploads\/2024\/09\/MRVU.png 1000w, https:\/\/rosa.it\/wp-content\/uploads\/2024\/09\/MRVU-300x225.png 300w, https:\/\/rosa.it\/wp-content\/uploads\/2024\/09\/MRVU-768x576.png 768w, https:\/\/rosa.it\/wp-content\/uploads\/2024\/09\/MRVU-720x540.png 720w, https:\/\/rosa.it\/wp-content\/uploads\/2024\/09\/MRVU-600x450.png 600w\" sizes=\"(max-width: 1000px) 100vw, 1000px\" \/>\t\t\t\t\t\t\t\t<\/a>\n\t\t\t\t\t\t\t\t\t\t\t\t\t\t\t<\/div>\n\t\t\t\t<\/div>\n\t\t\t\t<div class=\"elementor-element elementor-element-9beff0f elementor-widget elementor-widget-text-editor\" data-id=\"9beff0f\" data-element_type=\"widget\" data-e-type=\"widget\" data-widget_type=\"text-editor.default\">\n\t\t\t\t<div class=\"elementor-widget-container\">\n\t\t\t\t\t\t\t\t\t<h4><strong>MRV\/U\n<\/strong><\/h4>\n<p style=\"padding-bottom: 24px;\">Tischbewegung: elektrisch\/torque<\/p>\n<p style=\"color: #c8102e; padding-bottom: 24px;\">Schleifw\u00fcrfel<\/p>\nMin. Innen-\u00d8: 900 x 300 mm<br>Max. Au\u00dfen-\u00d8: 600 bis 1600 mm<br>H\u00f6he: 800 mm  \t\t\t\t\t\t\t\t<\/div>\n\t\t\t\t<\/div>\n\t\t\t\t<\/div>\n\t\t\t\t<\/div>\n\t\t\t\t\t<\/div>\n\t\t\t\t<\/div>\n\t\t<div class=\"elementor-element elementor-element-2c20f65 elementor-hidden-desktop elementor-hidden-mobile e-flex e-con-boxed wpr-particle-no wpr-jarallax-no wpr-parallax-no wpr-sticky-section-no wpr-equal-height-no e-con e-parent\" data-id=\"2c20f65\" data-element_type=\"container\" data-e-type=\"container\">\n\t\t\t\t\t<div class=\"e-con-inner\">\n\t\t<div class=\"elementor-element elementor-element-6c2980f e-con-full e-flex wpr-particle-no wpr-jarallax-no wpr-parallax-no wpr-sticky-section-no wpr-equal-height-no e-con e-child\" data-id=\"6c2980f\" data-element_type=\"container\" data-e-type=\"container\">\n\t\t\t\t<\/div>\n\t\t<div class=\"elementor-element elementor-element-6137d8e e-con-full e-flex wpr-particle-no wpr-jarallax-no wpr-parallax-no wpr-sticky-section-no wpr-equal-height-no e-con e-child\" data-id=\"6137d8e\" data-element_type=\"container\" data-e-type=\"container\">\n\t\t<div class=\"elementor-element elementor-element-746e0ff e-con-full e-flex wpr-particle-no wpr-jarallax-no wpr-parallax-no wpr-sticky-section-no wpr-equal-height-no e-con e-child\" data-id=\"746e0ff\" data-element_type=\"container\" data-e-type=\"container\">\n\t\t\t\t<div class=\"elementor-element elementor-element-8528ce4 elementor-widget elementor-widget-image\" data-id=\"8528ce4\" data-element_type=\"widget\" data-e-type=\"widget\" data-widget_type=\"image.default\">\n\t\t\t\t<div class=\"elementor-widget-container\">\n\t\t\t\t\t\t\t\t\t\t\t\t\t\t\t\t<a href=\"https:\/\/rosa.it\/prodotto\/mrv-u\/\">\n\t\t\t\t\t\t\t<img loading=\"lazy\" decoding=\"async\" width=\"1000\" height=\"750\" src=\"https:\/\/rosa.it\/wp-content\/uploads\/2024\/09\/MRVU.png\" class=\"attachment-large size-large wp-image-12125\" alt=\"\" srcset=\"https:\/\/rosa.it\/wp-content\/uploads\/2024\/09\/MRVU.png 1000w, https:\/\/rosa.it\/wp-content\/uploads\/2024\/09\/MRVU-300x225.png 300w, https:\/\/rosa.it\/wp-content\/uploads\/2024\/09\/MRVU-768x576.png 768w, https:\/\/rosa.it\/wp-content\/uploads\/2024\/09\/MRVU-720x540.png 720w, https:\/\/rosa.it\/wp-content\/uploads\/2024\/09\/MRVU-600x450.png 600w\" sizes=\"(max-width: 1000px) 100vw, 1000px\" \/>\t\t\t\t\t\t\t\t<\/a>\n\t\t\t\t\t\t\t\t\t\t\t\t\t\t\t<\/div>\n\t\t\t\t<\/div>\n\t\t\t\t<div class=\"elementor-element elementor-element-10ad164 elementor-widget elementor-widget-text-editor\" data-id=\"10ad164\" data-element_type=\"widget\" data-e-type=\"widget\" data-widget_type=\"text-editor.default\">\n\t\t\t\t<div class=\"elementor-widget-container\">\n\t\t\t\t\t\t\t\t\t<h4><strong>MRV\/U\n<\/strong><\/h4>\n<p style=\"padding-bottom: 24px;\">Tischbewegung: elektrisch\/torque<\/p>\n<p style=\"color: #c8102e; padding-bottom: 24px;\">Schleifbar<\/p>\nMin. Innen-\u00d8: 900 x 300 mm\nMax. Au\u00dfen-\u00d8: 600 bis 1600 mm\nH\u00f6he: 800 mm  \t\t\t\t\t\t\t\t<\/div>\n\t\t\t\t<\/div>\n\t\t\t\t<\/div>\n\t\t<div class=\"elementor-element elementor-element-85a55dc e-con-full e-flex wpr-particle-no wpr-jarallax-no wpr-parallax-no wpr-sticky-section-no wpr-equal-height-no e-con e-child\" data-id=\"85a55dc\" data-element_type=\"container\" data-e-type=\"container\">\n\t\t\t\t<\/div>\n\t\t<div class=\"elementor-element elementor-element-045b0a7 e-con-full elementor-hidden-tablet e-flex wpr-particle-no wpr-jarallax-no wpr-parallax-no wpr-sticky-section-no wpr-equal-height-no e-con e-child\" data-id=\"045b0a7\" data-element_type=\"container\" data-e-type=\"container\">\n\t\t\t\t<\/div>\n\t\t\t\t<\/div>\n\t\t\t\t\t<\/div>\n\t\t\t\t<\/div>\n\t\t\t\t<\/div>\n\t\t","protected":false},"excerpt":{"rendered":"<p>Schleifmaschinen Vertikalkopf-Schleifmaschinen &#8211; Rosa s.p.a. &#8211; Grindtech Schleifmaschinen Rettificatrici a testa orizzontale Rettificatrici a testa universale Rettificatrici a tavola rotante Rettificatrici a testa verticale Rettificatrici a testa orizzontale Rettificatrici a testa universale Rettificatrici a tavola rotante Rettificatrici a testa verticale MRV Tischbewegung: elektrisch\/torque Schleifw\u00fcrfel Min. Innen-\u00d8: 600 mmMax. Au\u00dfen-\u00d8: 600 bis 1600 mmH\u00f6he: 800 mm MRV\/S Tischbewegung: elektrisch\/torque Schleifw\u00fcrfel Min. Innen-\u00d8: 600 mm Max. Au\u00dfen-\u00d8: 600 bis 1600 mm H\u00f6he: 800 mm MRV\/U Tischbewegung: elektrisch\/torque Schleifw\u00fcrfel Min. Innen-\u00d8: 900 x 300 mmMax. Au\u00dfen-\u00d8: 600 bis 1600 mmH\u00f6he: 800 mm MRV\/U Tischbewegung: elektrisch\/torque Schleifbar Min. Innen-\u00d8: 900 x 300 mm Max. Au\u00dfen-\u00d8: 600 bis 1600 mm H\u00f6he: 800 mm<\/p>\n","protected":false},"author":1,"featured_media":0,"parent":0,"menu_order":0,"comment_status":"closed","ping_status":"closed","template":"","meta":{"inline_featured_image":false,"footnotes":""},"class_list":["post-12019","page","type-page","status-publish","hentry"],"aioseo_notices":[],"_links":{"self":[{"href":"https:\/\/rosa.it\/de\/wp-json\/wp\/v2\/pages\/12019","targetHints":{"allow":["GET"]}}],"collection":[{"href":"https:\/\/rosa.it\/de\/wp-json\/wp\/v2\/pages"}],"about":[{"href":"https:\/\/rosa.it\/de\/wp-json\/wp\/v2\/types\/page"}],"author":[{"embeddable":true,"href":"https:\/\/rosa.it\/de\/wp-json\/wp\/v2\/users\/1"}],"replies":[{"embeddable":true,"href":"https:\/\/rosa.it\/de\/wp-json\/wp\/v2\/comments?post=12019"}],"version-history":[{"count":0,"href":"https:\/\/rosa.it\/de\/wp-json\/wp\/v2\/pages\/12019\/revisions"}],"wp:attachment":[{"href":"https:\/\/rosa.it\/de\/wp-json\/wp\/v2\/media?parent=12019"}],"curies":[{"name":"wp","href":"https:\/\/api.w.org\/{rel}","templated":true}]}}